{"id":28,"date":"2025-10-21T12:34:40","date_gmt":"2025-10-21T10:34:40","guid":{"rendered":"https:\/\/balt.com.pl\/?page_id=28"},"modified":"2025-10-22T14:02:26","modified_gmt":"2025-10-22T12:02:26","slug":"strefa-biznesu","status":"publish","type":"page","link":"https:\/\/balt.com.pl\/en\/strefa-biznesu\/","title":{"rendered":"Business Zone"},"content":{"rendered":"<div data-elementor-type=\"wp-page\" data-elementor-id=\"28\" class=\"elementor elementor-28\" data-elementor-post-type=\"page\">\n\t\t\t\t\t\t<section class=\"elementor-section elementor-top-section elementor-element elementor-element-61f1b65 elementor-section-boxed elementor-section-height-default elementor-section-height-default\" data-id=\"61f1b65\" data-element_type=\"section\" data-e-type=\"section\">\n\t\t\t\t\t\t<div class=\"elementor-container elementor-column-gap-default\">\n\t\t\t\t\t<div class=\"elementor-column elementor-col-50 elementor-top-column elementor-element elementor-element-307a65c\" data-id=\"307a65c\" data-element_type=\"column\" data-e-type=\"column\">\n\t\t\t<div class=\"elementor-widget-wrap elementor-element-populated\">\n\t\t\t\t\t\t<div class=\"elementor-element elementor-element-42b90db elementor-widget elementor-widget-image\" data-id=\"42b90db\" data-element_type=\"widget\" data-e-type=\"widget\" data-widget_type=\"image.default\">\n\t\t\t\t\t\t\t\t\t\t\t\t\t\t\t<img fetchpriority=\"high\" decoding=\"async\" width=\"1600\" height=\"1066\" src=\"https:\/\/balt.com.pl\/wp-content\/uploads\/2025\/10\/wnetrze_balt_5.jpg\" class=\"attachment-full size-full wp-image-111\" alt=\"Nowa siedziba | BALT Duli\u0144scy\" srcset=\"https:\/\/balt.com.pl\/wp-content\/uploads\/2025\/10\/wnetrze_balt_5.jpg 1600w, https:\/\/balt.com.pl\/wp-content\/uploads\/2025\/10\/wnetrze_balt_5-300x200.jpg 300w, https:\/\/balt.com.pl\/wp-content\/uploads\/2025\/10\/wnetrze_balt_5-1024x682.jpg 1024w, https:\/\/balt.com.pl\/wp-content\/uploads\/2025\/10\/wnetrze_balt_5-768x512.jpg 768w, https:\/\/balt.com.pl\/wp-content\/uploads\/2025\/10\/wnetrze_balt_5-1536x1023.jpg 1536w\" sizes=\"(max-width: 1600px) 100vw, 1600px\" \/>\t\t\t\t\t\t\t\t\t\t\t\t\t\t\t<\/div>\n\t\t\t\t\t<\/div>\n\t\t<\/div>\n\t\t\t\t<div class=\"elementor-column elementor-col-50 elementor-top-column elementor-element elementor-element-303d9fc\" data-id=\"303d9fc\" data-element_type=\"column\" data-e-type=\"column\">\n\t\t\t<div class=\"elementor-widget-wrap elementor-element-populated\">\n\t\t\t\t\t\t<div class=\"elementor-element elementor-element-d3935b6 elementor-widget elementor-widget-heading\" data-id=\"d3935b6\" data-element_type=\"widget\" data-e-type=\"widget\" data-widget_type=\"heading.default\">\n\t\t\t\t\t<h2 class=\"elementor-heading-title elementor-size-default\">We offer <b>jewelry with Baltic amber<\/b> and other stones<\/h2>\t\t\t\t<\/div>\n\t\t\t\t<div class=\"elementor-element elementor-element-c6ca076 elementor-widget elementor-widget-text-editor\" data-id=\"c6ca076\" data-element_type=\"widget\" data-e-type=\"widget\" data-widget_type=\"text-editor.default\">\n\t\t\t\t\t\t\t\t\t<p>Our products are catalogued, so each item has its own number and weight information. Jewelry can be ordered by phone or email. It is also possible to purchase ready-made jewelry at our office.<\/p>\t\t\t\t\t\t\t\t<\/div>\n\t\t\t\t\t<\/div>\n\t\t<\/div>\n\t\t\t\t\t<\/div>\n\t\t<\/section>\n\t\t\t\t<section class=\"elementor-section elementor-top-section elementor-element elementor-element-b0b99f9 elementor-section-boxed elementor-section-height-default elementor-section-height-default\" data-id=\"b0b99f9\" data-element_type=\"section\" data-e-type=\"section\">\n\t\t\t\t\t\t<div class=\"elementor-container elementor-column-gap-default\">\n\t\t\t\t\t<div class=\"elementor-column elementor-col-100 elementor-top-column elementor-element elementor-element-45141c1\" data-id=\"45141c1\" data-element_type=\"column\" data-e-type=\"column\">\n\t\t\t<div class=\"elementor-widget-wrap elementor-element-populated\">\n\t\t\t\t\t\t<div class=\"elementor-element elementor-element-7f70919 elementor-align-justify elementor-widget elementor-widget-button\" data-id=\"7f70919\" data-element_type=\"widget\" data-e-type=\"widget\" data-widget_type=\"button.default\">\n\t\t\t\t\t\t\t\t\t\t<a class=\"elementor-button elementor-button-link elementor-size-sm\" href=\"#\">\n\t\t\t\t\t\t<span class=\"elementor-button-content-wrapper\">\n\t\t\t\t\t\t\t\t\t<span class=\"elementor-button-text\">GO TO OUR PRODUCT CATALOG<\/span>\n\t\t\t\t\t<\/span>\n\t\t\t\t\t<\/a>\n\t\t\t\t\t\t\t\t<\/div>\n\t\t\t\t\t<\/div>\n\t\t<\/div>\n\t\t\t\t\t<\/div>\n\t\t<\/section>\n\t\t\t\t<section class=\"elementor-section elementor-top-section elementor-element elementor-element-5550ff0 elementor-section-boxed elementor-section-height-default elementor-section-height-default\" data-id=\"5550ff0\" data-element_type=\"section\" data-e-type=\"section\">\n\t\t\t\t\t\t<div class=\"elementor-container elementor-column-gap-default\">\n\t\t\t\t\t<div class=\"elementor-column elementor-col-25 elementor-top-column elementor-element elementor-element-148328f\" data-id=\"148328f\" data-element_type=\"column\" data-e-type=\"column\">\n\t\t\t<div class=\"elementor-widget-wrap elementor-element-populated\">\n\t\t\t\t\t\t<div class=\"elementor-element elementor-element-48cc9d2 elementor-position-inline-start elementor-view-default elementor-mobile-position-block-start elementor-widget elementor-widget-icon-box\" data-id=\"48cc9d2\" data-element_type=\"widget\" data-e-type=\"widget\" data-widget_type=\"icon-box.default\">\n\t\t\t\t\t\t\t<div class=\"elementor-icon-box-wrapper\">\n\n\t\t\t\t\t\t<div class=\"elementor-icon-box-icon\">\n\t\t\t\t<span  class=\"elementor-icon\">\n\t\t\t\t<svg aria-hidden=\"true\" class=\"e-font-icon-svg e-fas-gem\" viewbox=\"0 0 576 512\" xmlns=\"http:\/\/www.w3.org\/2000\/svg\"><path d=\"M485.5 0L576 160H474.9L405.7 0h79.8zm-128 0l69.2 160H149.3L218.5 0h139zm-267 0h79.8l-69.2 160H0L90.5 0zM0 192h100.7l123 251.7c1.5 3.1-2.7 5.9-5 3.3L0 192zm148.2 0h279.6l-137 318.2c-1 2.4-4.5 2.4-5.5 0L148.2 192zm204.1 251.7l123-251.7H576L357.3 446.9c-2.3 2.7-6.5-.1-5-3.2z\"><\/path><\/svg>\t\t\t\t<\/span>\n\t\t\t<\/div>\n\t\t\t\n\t\t\t\t\t\t<div class=\"elementor-icon-box-content\">\n\n\t\t\t\t\t\t\t\t\t<h3 class=\"elementor-icon-box-title\">\n\t\t\t\t\t\t<span  >\n\t\t\t\t\t\t\tQuality guarantee\t\t\t\t\t\t<\/span>\n\t\t\t\t\t<\/h3>\n\t\t\t\t\n\t\t\t\t\t\t\t\t\t<p class=\"elementor-icon-box-description\">\n\t\t\t\t\t\tHigh-quality jewelry.\t\t\t\t\t<\/p>\n\t\t\t\t\n\t\t\t<\/div>\n\t\t\t\n\t\t<\/div>\n\t\t\t\t\t\t<\/div>\n\t\t\t\t\t<\/div>\n\t\t<\/div>\n\t\t\t\t<div class=\"elementor-column elementor-col-25 elementor-top-column elementor-element elementor-element-c9b0c3c\" data-id=\"c9b0c3c\" data-element_type=\"column\" data-e-type=\"column\">\n\t\t\t<div class=\"elementor-widget-wrap elementor-element-populated\">\n\t\t\t\t\t\t<div class=\"elementor-element elementor-element-efaed4c elementor-position-inline-start elementor-view-default elementor-mobile-position-block-start elementor-widget elementor-widget-icon-box\" data-id=\"efaed4c\" data-element_type=\"widget\" data-e-type=\"widget\" data-widget_type=\"icon-box.default\">\n\t\t\t\t\t\t\t<div class=\"elementor-icon-box-wrapper\">\n\n\t\t\t\t\t\t<div class=\"elementor-icon-box-icon\">\n\t\t\t\t<span  class=\"elementor-icon\">\n\t\t\t\t<svg aria-hidden=\"true\" class=\"e-font-icon-svg e-fas-gem\" viewbox=\"0 0 576 512\" xmlns=\"http:\/\/www.w3.org\/2000\/svg\"><path d=\"M485.5 0L576 160H474.9L405.7 0h79.8zm-128 0l69.2 160H149.3L218.5 0h139zm-267 0h79.8l-69.2 160H0L90.5 0zM0 192h100.7l123 251.7c1.5 3.1-2.7 5.9-5 3.3L0 192zm148.2 0h279.6l-137 318.2c-1 2.4-4.5 2.4-5.5 0L148.2 192zm204.1 251.7l123-251.7H576L357.3 446.9c-2.3 2.7-6.5-.1-5-3.2z\"><\/path><\/svg>\t\t\t\t<\/span>\n\t\t\t<\/div>\n\t\t\t\n\t\t\t\t\t\t<div class=\"elementor-icon-box-content\">\n\n\t\t\t\t\t\t\t\t\t<h3 class=\"elementor-icon-box-title\">\n\t\t\t\t\t\t<span  >\n\t\t\t\t\t\t\tLarge selection\t\t\t\t\t\t<\/span>\n\t\t\t\t\t<\/h3>\n\t\t\t\t\n\t\t\t\t\t\t\t\t\t<p class=\"elementor-icon-box-description\">\n\t\t\t\t\t\tMany designs to choose from.\t\t\t\t\t<\/p>\n\t\t\t\t\n\t\t\t<\/div>\n\t\t\t\n\t\t<\/div>\n\t\t\t\t\t\t<\/div>\n\t\t\t\t\t<\/div>\n\t\t<\/div>\n\t\t\t\t<div class=\"elementor-column elementor-col-25 elementor-top-column elementor-element elementor-element-62964eb\" data-id=\"62964eb\" data-element_type=\"column\" data-e-type=\"column\">\n\t\t\t<div class=\"elementor-widget-wrap elementor-element-populated\">\n\t\t\t\t\t\t<div class=\"elementor-element elementor-element-4eee8b2 elementor-position-inline-start elementor-view-default elementor-mobile-position-block-start elementor-widget elementor-widget-icon-box\" data-id=\"4eee8b2\" data-element_type=\"widget\" data-e-type=\"widget\" data-widget_type=\"icon-box.default\">\n\t\t\t\t\t\t\t<div class=\"elementor-icon-box-wrapper\">\n\n\t\t\t\t\t\t<div class=\"elementor-icon-box-icon\">\n\t\t\t\t<span  class=\"elementor-icon\">\n\t\t\t\t<svg aria-hidden=\"true\" class=\"e-font-icon-svg e-fas-gem\" viewbox=\"0 0 576 512\" xmlns=\"http:\/\/www.w3.org\/2000\/svg\"><path d=\"M485.5 0L576 160H474.9L405.7 0h79.8zm-128 0l69.2 160H149.3L218.5 0h139zm-267 0h79.8l-69.2 160H0L90.5 0zM0 192h100.7l123 251.7c1.5 3.1-2.7 5.9-5 3.3L0 192zm148.2 0h279.6l-137 318.2c-1 2.4-4.5 2.4-5.5 0L148.2 192zm204.1 251.7l123-251.7H576L357.3 446.9c-2.3 2.7-6.5-.1-5-3.2z\"><\/path><\/svg>\t\t\t\t<\/span>\n\t\t\t<\/div>\n\t\t\t\n\t\t\t\t\t\t<div class=\"elementor-icon-box-content\">\n\n\t\t\t\t\t\t\t\t\t<h3 class=\"elementor-icon-box-title\">\n\t\t\t\t\t\t<span  >\n\t\t\t\t\t\t\tPunctuality\t\t\t\t\t\t<\/span>\n\t\t\t\t\t<\/h3>\n\t\t\t\t\n\t\t\t\t\t\t\t\t\t<p class=\"elementor-icon-box-description\">\n\t\t\t\t\t\tMeeting deadlines.\t\t\t\t\t<\/p>\n\t\t\t\t\n\t\t\t<\/div>\n\t\t\t\n\t\t<\/div>\n\t\t\t\t\t\t<\/div>\n\t\t\t\t\t<\/div>\n\t\t<\/div>\n\t\t\t\t<div class=\"elementor-column elementor-col-25 elementor-top-column elementor-element elementor-element-06c8583\" data-id=\"06c8583\" data-element_type=\"column\" data-e-type=\"column\">\n\t\t\t<div class=\"elementor-widget-wrap elementor-element-populated\">\n\t\t\t\t\t\t<div class=\"elementor-element elementor-element-2b5bf4e elementor-position-inline-start elementor-view-default elementor-mobile-position-block-start elementor-widget elementor-widget-icon-box\" data-id=\"2b5bf4e\" data-element_type=\"widget\" data-e-type=\"widget\" data-widget_type=\"icon-box.default\">\n\t\t\t\t\t\t\t<div class=\"elementor-icon-box-wrapper\">\n\n\t\t\t\t\t\t<div class=\"elementor-icon-box-icon\">\n\t\t\t\t<span  class=\"elementor-icon\">\n\t\t\t\t<svg aria-hidden=\"true\" class=\"e-font-icon-svg e-fas-gem\" viewbox=\"0 0 576 512\" xmlns=\"http:\/\/www.w3.org\/2000\/svg\"><path d=\"M485.5 0L576 160H474.9L405.7 0h79.8zm-128 0l69.2 160H149.3L218.5 0h139zm-267 0h79.8l-69.2 160H0L90.5 0zM0 192h100.7l123 251.7c1.5 3.1-2.7 5.9-5 3.3L0 192zm148.2 0h279.6l-137 318.2c-1 2.4-4.5 2.4-5.5 0L148.2 192zm204.1 251.7l123-251.7H576L357.3 446.9c-2.3 2.7-6.5-.1-5-3.2z\"><\/path><\/svg>\t\t\t\t<\/span>\n\t\t\t<\/div>\n\t\t\t\n\t\t\t\t\t\t<div class=\"elementor-icon-box-content\">\n\n\t\t\t\t\t\t\t\t\t<h3 class=\"elementor-icon-box-title\">\n\t\t\t\t\t\t<span  >\n\t\t\t\t\t\t\tTradition\t\t\t\t\t\t<\/span>\n\t\t\t\t\t<\/h3>\n\t\t\t\t\n\t\t\t\t\t\t\t\t\t<p class=\"elementor-icon-box-description\">\n\t\t\t\t\t\tApproximately 40 years of experience in the industry.\t\t\t\t\t<\/p>\n\t\t\t\t\n\t\t\t<\/div>\n\t\t\t\n\t\t<\/div>\n\t\t\t\t\t\t<\/div>\n\t\t\t\t\t<\/div>\n\t\t<\/div>\n\t\t\t\t\t<\/div>\n\t\t<\/section>\n\t\t\t\t<section class=\"elementor-section elementor-top-section elementor-element elementor-element-55e8de7 elementor-section-boxed elementor-section-height-default elementor-section-height-default\" data-id=\"55e8de7\" data-element_type=\"section\" data-e-type=\"section\">\n\t\t\t\t\t\t<div class=\"elementor-container elementor-column-gap-default\">\n\t\t\t\t\t<div class=\"elementor-column elementor-col-50 elementor-top-column elementor-element elementor-element-4794d86\" data-id=\"4794d86\" data-element_type=\"column\" data-e-type=\"column\">\n\t\t\t<div class=\"elementor-widget-wrap elementor-element-populated\">\n\t\t\t\t\t\t<div class=\"elementor-element elementor-element-2c4ea34 elementor-widget elementor-widget-heading\" data-id=\"2c4ea34\" data-element_type=\"widget\" data-e-type=\"widget\" data-widget_type=\"heading.default\">\n\t\t\t\t\t<h2 class=\"elementor-heading-title elementor-size-default\">A wide range of jewelry, about <br><b>5,000 designs<\/b><\/h2>\t\t\t\t<\/div>\n\t\t\t\t<div class=\"elementor-element elementor-element-135883e elementor-widget elementor-widget-text-editor\" data-id=\"135883e\" data-element_type=\"widget\" data-e-type=\"widget\" data-widget_type=\"text-editor.default\">\n\t\t\t\t\t\t\t\t\t<p>At your request, we create custom jewelry designs exclusively for our customers. We offer a wide range of approximately 5,000 designs. We treat each customer individually. We do not sell retail.<\/p>\t\t\t\t\t\t\t\t<\/div>\n\t\t\t\t\t<\/div>\n\t\t<\/div>\n\t\t\t\t<div class=\"elementor-column elementor-col-50 elementor-top-column elementor-element elementor-element-8bd3075\" data-id=\"8bd3075\" data-element_type=\"column\" data-e-type=\"column\">\n\t\t\t<div class=\"elementor-widget-wrap elementor-element-populated\">\n\t\t\t\t\t\t<div class=\"elementor-element elementor-element-7d77570 elementor-widget elementor-widget-image\" data-id=\"7d77570\" data-element_type=\"widget\" data-e-type=\"widget\" data-widget_type=\"image.default\">\n\t\t\t\t\t\t\t\t\t\t\t\t\t\t\t<img decoding=\"async\" width=\"1600\" height=\"1067\" src=\"https:\/\/balt.com.pl\/wp-content\/uploads\/2025\/10\/wnetrze_balt_6.jpg\" class=\"attachment-full size-full wp-image-229\" alt=\"Nowa siedziba | BALT Duli\u0144scy\" srcset=\"https:\/\/balt.com.pl\/wp-content\/uploads\/2025\/10\/wnetrze_balt_6.jpg 1600w, https:\/\/balt.com.pl\/wp-content\/uploads\/2025\/10\/wnetrze_balt_6-300x200.jpg 300w, https:\/\/balt.com.pl\/wp-content\/uploads\/2025\/10\/wnetrze_balt_6-1024x683.jpg 1024w, https:\/\/balt.com.pl\/wp-content\/uploads\/2025\/10\/wnetrze_balt_6-768x512.jpg 768w, https:\/\/balt.com.pl\/wp-content\/uploads\/2025\/10\/wnetrze_balt_6-1536x1024.jpg 1536w\" sizes=\"(max-width: 1600px) 100vw, 1600px\" \/>\t\t\t\t\t\t\t\t\t\t\t\t\t\t\t<\/div>\n\t\t\t\t\t<\/div>\n\t\t<\/div>\n\t\t\t\t\t<\/div>\n\t\t<\/section>\n\t\t\t\t<\/div>","protected":false},"excerpt":{"rendered":"<p>W naszej ofercie posiadamy bi\u017cuteri\u0119 z bursztynem ba\u0142tyckim i innymi kamieniami Nasze wyroby s\u0105 skatalogowane, wi\u0119c ka\u017cdy wyr\u00f3b posiada sw\u00f3j numer i informacje o wadze. Bi\u017cuteri\u0119 mo\u017cna zamawia\u0107 telefonicznie b\u0105d\u017a mailowo. Istnieje r\u00f3wnie\u017c mo\u017cliwo\u015b\u0107 zakupu gotowej bi\u017cuterii w naszym biurze. PRZEJD\u0179 DO NASZEGO KATALOGU WYROB\u00d3W Gwarancja jako\u015bci Wysoka jako\u015b\u0107 bi\u017cuterii. Du\u017cy wyb\u00f3r Wiele wzor\u00f3w do [&hellip;]<\/p>\n","protected":false},"author":1,"featured_media":0,"parent":0,"menu_order":5,"comment_status":"closed","ping_status":"closed","template":"","meta":{"_acf_changed":false,"footnotes":""},"class_list":["post-28","page","type-page","status-publish","hentry"],"acf":[],"yoast_head":"<!-- This site is optimized with the Yoast SEO plugin v27.2 - https:\/\/yoast.com\/product\/yoast-seo-wordpress\/ -->\n<title>Strefa Biznesu - BALT<\/title>\n<meta name=\"robots\" content=\"index, follow, max-snippet:-1, max-image-preview:large, max-video-preview:-1\" \/>\n<link rel=\"canonical\" href=\"https:\/\/balt.com.pl\/en\/strefa-biznesu\/\" \/>\n<meta property=\"og:locale\" content=\"en_US\" \/>\n<meta property=\"og:type\" content=\"article\" \/>\n<meta property=\"og:title\" content=\"Strefa Biznesu - BALT\" \/>\n<meta property=\"og:description\" content=\"W naszej ofercie posiadamy bi\u017cuteri\u0119 z bursztynem ba\u0142tyckim i innymi kamieniami Nasze wyroby s\u0105 skatalogowane, wi\u0119c ka\u017cdy wyr\u00f3b posiada sw\u00f3j numer i informacje o wadze. Bi\u017cuteri\u0119 mo\u017cna zamawia\u0107 telefonicznie b\u0105d\u017a mailowo. Istnieje r\u00f3wnie\u017c mo\u017cliwo\u015b\u0107 zakupu gotowej bi\u017cuterii w naszym biurze. PRZEJD\u0179 DO NASZEGO KATALOGU WYROB\u00d3W Gwarancja jako\u015bci Wysoka jako\u015b\u0107 bi\u017cuterii. Du\u017cy wyb\u00f3r Wiele wzor\u00f3w do [&hellip;]\" \/>\n<meta property=\"og:url\" content=\"https:\/\/balt.com.pl\/en\/strefa-biznesu\/\" \/>\n<meta property=\"og:site_name\" content=\"BALT\" \/>\n<meta property=\"article:modified_time\" content=\"2025-10-22T12:02:26+00:00\" \/>\n<meta property=\"og:image\" content=\"https:\/\/balt.com.pl\/wp-content\/uploads\/2025\/10\/wnetrze_balt_5.jpg\" \/>\n<meta name=\"twitter:card\" content=\"summary_large_image\" \/>\n<meta name=\"twitter:label1\" content=\"Est. reading time\" \/>\n\t<meta name=\"twitter:data1\" content=\"1 minute\" \/>\n<script type=\"application\/ld+json\" class=\"yoast-schema-graph\">{\"@context\":\"https:\/\/schema.org\",\"@graph\":[{\"@type\":\"WebPage\",\"@id\":\"https:\/\/balt.com.pl\/strefa-biznesu\/\",\"url\":\"https:\/\/balt.com.pl\/strefa-biznesu\/\",\"name\":\"Strefa Biznesu - BALT\",\"isPartOf\":{\"@id\":\"https:\/\/balt.com.pl\/#website\"},\"primaryImageOfPage\":{\"@id\":\"https:\/\/balt.com.pl\/strefa-biznesu\/#primaryimage\"},\"image\":{\"@id\":\"https:\/\/balt.com.pl\/strefa-biznesu\/#primaryimage\"},\"thumbnailUrl\":\"https:\/\/balt.com.pl\/wp-content\/uploads\/2025\/10\/wnetrze_balt_5.jpg\",\"datePublished\":\"2025-10-21T10:34:40+00:00\",\"dateModified\":\"2025-10-22T12:02:26+00:00\",\"breadcrumb\":{\"@id\":\"https:\/\/balt.com.pl\/strefa-biznesu\/#breadcrumb\"},\"inLanguage\":\"en-US\",\"potentialAction\":[{\"@type\":\"ReadAction\",\"target\":[\"https:\/\/balt.com.pl\/strefa-biznesu\/\"]}]},{\"@type\":\"ImageObject\",\"inLanguage\":\"en-US\",\"@id\":\"https:\/\/balt.com.pl\/strefa-biznesu\/#primaryimage\",\"url\":\"https:\/\/balt.com.pl\/wp-content\/uploads\/2025\/10\/wnetrze_balt_5.jpg\",\"contentUrl\":\"https:\/\/balt.com.pl\/wp-content\/uploads\/2025\/10\/wnetrze_balt_5.jpg\"},{\"@type\":\"BreadcrumbList\",\"@id\":\"https:\/\/balt.com.pl\/strefa-biznesu\/#breadcrumb\",\"itemListElement\":[{\"@type\":\"ListItem\",\"position\":1,\"name\":\"Home\",\"item\":\"https:\/\/balt.com.pl\/\"},{\"@type\":\"ListItem\",\"position\":2,\"name\":\"Strefa Biznesu\"}]},{\"@type\":\"WebSite\",\"@id\":\"https:\/\/balt.com.pl\/#website\",\"url\":\"https:\/\/balt.com.pl\/\",\"name\":\"BALT\",\"description\":\"Srebrna Bi\u017cuteria Bursztynowa\",\"publisher\":{\"@id\":\"https:\/\/balt.com.pl\/#organization\"},\"potentialAction\":[{\"@type\":\"SearchAction\",\"target\":{\"@type\":\"EntryPoint\",\"urlTemplate\":\"https:\/\/balt.com.pl\/?s={search_term_string}\"},\"query-input\":{\"@type\":\"PropertyValueSpecification\",\"valueRequired\":true,\"valueName\":\"search_term_string\"}}],\"inLanguage\":\"en-US\"},{\"@type\":\"Organization\",\"@id\":\"https:\/\/balt.com.pl\/#organization\",\"name\":\"BALT\",\"url\":\"https:\/\/balt.com.pl\/\",\"logo\":{\"@type\":\"ImageObject\",\"inLanguage\":\"en-US\",\"@id\":\"https:\/\/balt.com.pl\/#\/schema\/logo\/image\/\",\"url\":\"https:\/\/balt.com.pl\/wp-content\/uploads\/2025\/10\/balt-logo.webp\",\"contentUrl\":\"https:\/\/balt.com.pl\/wp-content\/uploads\/2025\/10\/balt-logo.webp\",\"width\":225,\"height\":80,\"caption\":\"BALT\"},\"image\":{\"@id\":\"https:\/\/balt.com.pl\/#\/schema\/logo\/image\/\"}}]}<\/script>\n<!-- \/ Yoast SEO plugin. -->","yoast_head_json":{"title":"Strefa Biznesu - BALT","robots":{"index":"index","follow":"follow","max-snippet":"max-snippet:-1","max-image-preview":"max-image-preview:large","max-video-preview":"max-video-preview:-1"},"canonical":"https:\/\/balt.com.pl\/en\/strefa-biznesu\/","og_locale":"en_US","og_type":"article","og_title":"Strefa Biznesu - BALT","og_description":"W naszej ofercie posiadamy bi\u017cuteri\u0119 z bursztynem ba\u0142tyckim i innymi kamieniami Nasze wyroby s\u0105 skatalogowane, wi\u0119c ka\u017cdy wyr\u00f3b posiada sw\u00f3j numer i informacje o wadze. Bi\u017cuteri\u0119 mo\u017cna zamawia\u0107 telefonicznie b\u0105d\u017a mailowo. Istnieje r\u00f3wnie\u017c mo\u017cliwo\u015b\u0107 zakupu gotowej bi\u017cuterii w naszym biurze. PRZEJD\u0179 DO NASZEGO KATALOGU WYROB\u00d3W Gwarancja jako\u015bci Wysoka jako\u015b\u0107 bi\u017cuterii. Du\u017cy wyb\u00f3r Wiele wzor\u00f3w do [&hellip;]","og_url":"https:\/\/balt.com.pl\/en\/strefa-biznesu\/","og_site_name":"BALT","article_modified_time":"2025-10-22T12:02:26+00:00","og_image":[{"url":"https:\/\/balt.com.pl\/wp-content\/uploads\/2025\/10\/wnetrze_balt_5.jpg","type":"","width":"","height":""}],"twitter_card":"summary_large_image","twitter_misc":{"Est. reading time":"1 minute"},"schema":{"@context":"https:\/\/schema.org","@graph":[{"@type":"WebPage","@id":"https:\/\/balt.com.pl\/strefa-biznesu\/","url":"https:\/\/balt.com.pl\/strefa-biznesu\/","name":"Strefa Biznesu - BALT","isPartOf":{"@id":"https:\/\/balt.com.pl\/#website"},"primaryImageOfPage":{"@id":"https:\/\/balt.com.pl\/strefa-biznesu\/#primaryimage"},"image":{"@id":"https:\/\/balt.com.pl\/strefa-biznesu\/#primaryimage"},"thumbnailUrl":"https:\/\/balt.com.pl\/wp-content\/uploads\/2025\/10\/wnetrze_balt_5.jpg","datePublished":"2025-10-21T10:34:40+00:00","dateModified":"2025-10-22T12:02:26+00:00","breadcrumb":{"@id":"https:\/\/balt.com.pl\/strefa-biznesu\/#breadcrumb"},"inLanguage":"en-US","potentialAction":[{"@type":"ReadAction","target":["https:\/\/balt.com.pl\/strefa-biznesu\/"]}]},{"@type":"ImageObject","inLanguage":"en-US","@id":"https:\/\/balt.com.pl\/strefa-biznesu\/#primaryimage","url":"https:\/\/balt.com.pl\/wp-content\/uploads\/2025\/10\/wnetrze_balt_5.jpg","contentUrl":"https:\/\/balt.com.pl\/wp-content\/uploads\/2025\/10\/wnetrze_balt_5.jpg"},{"@type":"BreadcrumbList","@id":"https:\/\/balt.com.pl\/strefa-biznesu\/#breadcrumb","itemListElement":[{"@type":"ListItem","position":1,"name":"Home","item":"https:\/\/balt.com.pl\/"},{"@type":"ListItem","position":2,"name":"Strefa Biznesu"}]},{"@type":"WebSite","@id":"https:\/\/balt.com.pl\/#website","url":"https:\/\/balt.com.pl\/","name":"BALT","description":"Srebrna Bi\u017cuteria Bursztynowa","publisher":{"@id":"https:\/\/balt.com.pl\/#organization"},"potentialAction":[{"@type":"SearchAction","target":{"@type":"EntryPoint","urlTemplate":"https:\/\/balt.com.pl\/?s={search_term_string}"},"query-input":{"@type":"PropertyValueSpecification","valueRequired":true,"valueName":"search_term_string"}}],"inLanguage":"en-US"},{"@type":"Organization","@id":"https:\/\/balt.com.pl\/#organization","name":"BALT","url":"https:\/\/balt.com.pl\/","logo":{"@type":"ImageObject","inLanguage":"en-US","@id":"https:\/\/balt.com.pl\/#\/schema\/logo\/image\/","url":"https:\/\/balt.com.pl\/wp-content\/uploads\/2025\/10\/balt-logo.webp","contentUrl":"https:\/\/balt.com.pl\/wp-content\/uploads\/2025\/10\/balt-logo.webp","width":225,"height":80,"caption":"BALT"},"image":{"@id":"https:\/\/balt.com.pl\/#\/schema\/logo\/image\/"}}]}},"_links":{"self":[{"href":"https:\/\/balt.com.pl\/en\/wp-json\/wp\/v2\/pages\/28","targetHints":{"allow":["GET"]}}],"collection":[{"href":"https:\/\/balt.com.pl\/en\/wp-json\/wp\/v2\/pages"}],"about":[{"href":"https:\/\/balt.com.pl\/en\/wp-json\/wp\/v2\/types\/page"}],"author":[{"embeddable":true,"href":"https:\/\/balt.com.pl\/en\/wp-json\/wp\/v2\/users\/1"}],"replies":[{"embeddable":true,"href":"https:\/\/balt.com.pl\/en\/wp-json\/wp\/v2\/comments?post=28"}],"version-history":[{"count":4,"href":"https:\/\/balt.com.pl\/en\/wp-json\/wp\/v2\/pages\/28\/revisions"}],"predecessor-version":[{"id":252,"href":"https:\/\/balt.com.pl\/en\/wp-json\/wp\/v2\/pages\/28\/revisions\/252"}],"wp:attachment":[{"href":"https:\/\/balt.com.pl\/en\/wp-json\/wp\/v2\/media?parent=28"}],"curies":[{"name":"wp","href":"https:\/\/api.w.org\/{rel}","templated":true}]}}